{"id":720,"date":"2020-08-07T09:27:59","date_gmt":"2020-08-07T09:27:59","guid":{"rendered":"http:\/\/ipr-real.cz\/?page_id=720"},"modified":"2026-03-01T16:34:03","modified_gmt":"2026-03-01T16:34:03","slug":"rodinne-domy","status":"publish","type":"page","link":"https:\/\/www.ipr-real.cz\/en\/nabidka-nemovitosti\/rodinne-domy\/","title":{"rendered":"Rodinn\u00e9 domy"},"content":{"rendered":"","protected":false},"excerpt":{"rendered":"","protected":false},"author":1,"featured_media":0,"parent":20,"menu_order":0,"comment_status":"closed","ping_status":"closed","template":"","meta":{"inline_featured_image":false,"footnotes":""},"class_list":["post-720","page","type-page","status-publish","hentry"],"yoast_head":"<!-- This site is optimized with the Yoast SEO plugin v27.0 - https:\/\/yoast.com\/product\/yoast-seo-wordpress\/ -->\n<title>Rodinn\u00e9 domy | I.P.R. Real Estate nemovitosti Praha<\/title>\n<meta name=\"description\" content=\"Pod\u00edvejte se na na\u0161\u00ed nab\u00eddku rodinn\u00fdch dom\u016f. I.P.R. Real Estate. Nemovitosti rodinn\u00e9 domy v Praze a okol\u00ed.\" \/>\n<meta name=\"robots\" content=\"index, follow, max-snippet:-1, max-image-preview:large, max-video-preview:-1\" \/>\n<link rel=\"canonical\" href=\"https:\/\/www.ipr-real.cz\/en\/nabidka-nemovitosti\/rodinne-domy\/\" \/>\n<meta property=\"og:locale\" content=\"en_GB\" \/>\n<meta property=\"og:type\" content=\"article\" \/>\n<meta property=\"og:title\" content=\"Rodinn\u00e9 domy | I.P.R. Real Estate nemovitosti Praha\" \/>\n<meta property=\"og:description\" content=\"Pod\u00edvejte se na na\u0161\u00ed nab\u00eddku rodinn\u00fdch dom\u016f. I.P.R. Real Estate. Nemovitosti rodinn\u00e9 domy v Praze a okol\u00ed.\" \/>\n<meta property=\"og:url\" content=\"https:\/\/www.ipr-real.cz\/en\/nabidka-nemovitosti\/rodinne-domy\/\" \/>\n<meta property=\"article:publisher\" content=\"https:\/\/www.facebook.com\/ipr.real\/\" \/>\n<meta property=\"article:modified_time\" content=\"2026-03-01T16:34:03+00:00\" \/>\n<meta name=\"twitter:card\" content=\"summary_large_image\" \/>\n<script type=\"application\/ld+json\" class=\"yoast-schema-graph\">{\"@context\":\"https:\/\/schema.org\",\"@graph\":[{\"@type\":\"WebPage\",\"@id\":\"https:\/\/www.ipr-real.cz\/nabidka-nemovitosti\/rodinne-domy\/\",\"url\":\"https:\/\/www.ipr-real.cz\/nabidka-nemovitosti\/rodinne-domy\/\",\"name\":\"Rodinn\u00e9 domy | I.P.R. Real Estate nemovitosti Praha\",\"isPartOf\":{\"@id\":\"https:\/\/www.ipr-real.cz\/#website\"},\"datePublished\":\"2020-08-07T09:27:59+00:00\",\"dateModified\":\"2026-03-01T16:34:03+00:00\",\"description\":\"Pod\u00edvejte se na na\u0161\u00ed nab\u00eddku rodinn\u00fdch dom\u016f. I.P.R. Real Estate. Nemovitosti rodinn\u00e9 domy v Praze a okol\u00ed.\",\"breadcrumb\":{\"@id\":\"https:\/\/www.ipr-real.cz\/nabidka-nemovitosti\/rodinne-domy\/#breadcrumb\"},\"inLanguage\":\"en-GB\",\"potentialAction\":[{\"@type\":\"ReadAction\",\"target\":[\"https:\/\/www.ipr-real.cz\/nabidka-nemovitosti\/rodinne-domy\/\"]}]},{\"@type\":\"BreadcrumbList\",\"@id\":\"https:\/\/www.ipr-real.cz\/nabidka-nemovitosti\/rodinne-domy\/#breadcrumb\",\"itemListElement\":[{\"@type\":\"ListItem\",\"position\":1,\"name\":\"Dom\u016f\",\"item\":\"https:\/\/www.ipr-real.cz\/\"},{\"@type\":\"ListItem\",\"position\":2,\"name\":\"Nab\u00eddka nemovitost\u00ed\",\"item\":\"https:\/\/www.ipr-real.cz\/nabidka-nemovitosti\/\"},{\"@type\":\"ListItem\",\"position\":3,\"name\":\"Rodinn\u00e9 domy\"}]},{\"@type\":\"WebSite\",\"@id\":\"https:\/\/www.ipr-real.cz\/#website\",\"url\":\"https:\/\/www.ipr-real.cz\/\",\"name\":\"Realitn\u00ed kancel\u00e1\u0159 I.P.R. Real Estate v Praze\",\"description\":\"\",\"publisher\":{\"@id\":\"https:\/\/www.ipr-real.cz\/#organization\"},\"alternateName\":\"I.P.R. Real Estate\",\"potentialAction\":[{\"@type\":\"SearchAction\",\"target\":{\"@type\":\"EntryPoint\",\"urlTemplate\":\"https:\/\/www.ipr-real.cz\/?s={search_term_string}\"},\"query-input\":{\"@type\":\"PropertyValueSpecification\",\"valueRequired\":true,\"valueName\":\"search_term_string\"}}],\"inLanguage\":\"en-GB\"},{\"@type\":\"Organization\",\"@id\":\"https:\/\/www.ipr-real.cz\/#organization\",\"name\":\"I.P.R. Real Estate s.r.o.\",\"url\":\"https:\/\/www.ipr-real.cz\/\",\"logo\":{\"@type\":\"ImageObject\",\"inLanguage\":\"en-GB\",\"@id\":\"https:\/\/www.ipr-real.cz\/#\/schema\/logo\/image\/\",\"url\":\"https:\/\/www.ipr-real.cz\/wp-content\/uploads\/2020\/06\/logo-ipr-real-scaled.png\",\"contentUrl\":\"https:\/\/www.ipr-real.cz\/wp-content\/uploads\/2020\/06\/logo-ipr-real-scaled.png\",\"width\":2560,\"height\":699,\"caption\":\"I.P.R. Real Estate s.r.o.\"},\"image\":{\"@id\":\"https:\/\/www.ipr-real.cz\/#\/schema\/logo\/image\/\"},\"sameAs\":[\"https:\/\/www.facebook.com\/ipr.real\/\",\"https:\/\/www.instagram.com\/ipr.real.estate\/\",\"https:\/\/www.linkedin.com\/company\/ipr-real\",\"https:\/\/www.youtube.com\/channel\/UCuNvxpimxCSN7CSj0-qAP7Q\"]}]}<\/script>\n<!-- \/ Yoast SEO plugin. -->","yoast_head_json":{"title":"Rodinn\u00e9 domy | I.P.R. Real Estate nemovitosti Praha","description":"Pod\u00edvejte se na na\u0161\u00ed nab\u00eddku rodinn\u00fdch dom\u016f. I.P.R. Real Estate. Nemovitosti rodinn\u00e9 domy v Praze a okol\u00ed.","robots":{"index":"index","follow":"follow","max-snippet":"max-snippet:-1","max-image-preview":"max-image-preview:large","max-video-preview":"max-video-preview:-1"},"canonical":"https:\/\/www.ipr-real.cz\/en\/nabidka-nemovitosti\/rodinne-domy\/","og_locale":"en_GB","og_type":"article","og_title":"Rodinn\u00e9 domy | I.P.R. Real Estate nemovitosti Praha","og_description":"Pod\u00edvejte se na na\u0161\u00ed nab\u00eddku rodinn\u00fdch dom\u016f. I.P.R. Real Estate. Nemovitosti rodinn\u00e9 domy v Praze a okol\u00ed.","og_url":"https:\/\/www.ipr-real.cz\/en\/nabidka-nemovitosti\/rodinne-domy\/","article_publisher":"https:\/\/www.facebook.com\/ipr.real\/","article_modified_time":"2026-03-01T16:34:03+00:00","twitter_card":"summary_large_image","schema":{"@context":"https:\/\/schema.org","@graph":[{"@type":"WebPage","@id":"https:\/\/www.ipr-real.cz\/nabidka-nemovitosti\/rodinne-domy\/","url":"https:\/\/www.ipr-real.cz\/nabidka-nemovitosti\/rodinne-domy\/","name":"Rodinn\u00e9 domy | I.P.R. Real Estate nemovitosti Praha","isPartOf":{"@id":"https:\/\/www.ipr-real.cz\/#website"},"datePublished":"2020-08-07T09:27:59+00:00","dateModified":"2026-03-01T16:34:03+00:00","description":"Pod\u00edvejte se na na\u0161\u00ed nab\u00eddku rodinn\u00fdch dom\u016f. I.P.R. Real Estate. Nemovitosti rodinn\u00e9 domy v Praze a okol\u00ed.","breadcrumb":{"@id":"https:\/\/www.ipr-real.cz\/nabidka-nemovitosti\/rodinne-domy\/#breadcrumb"},"inLanguage":"en-GB","potentialAction":[{"@type":"ReadAction","target":["https:\/\/www.ipr-real.cz\/nabidka-nemovitosti\/rodinne-domy\/"]}]},{"@type":"BreadcrumbList","@id":"https:\/\/www.ipr-real.cz\/nabidka-nemovitosti\/rodinne-domy\/#breadcrumb","itemListElement":[{"@type":"ListItem","position":1,"name":"Dom\u016f","item":"https:\/\/www.ipr-real.cz\/"},{"@type":"ListItem","position":2,"name":"Nab\u00eddka nemovitost\u00ed","item":"https:\/\/www.ipr-real.cz\/nabidka-nemovitosti\/"},{"@type":"ListItem","position":3,"name":"Rodinn\u00e9 domy"}]},{"@type":"WebSite","@id":"https:\/\/www.ipr-real.cz\/#website","url":"https:\/\/www.ipr-real.cz\/","name":"Realitn\u00ed kancel\u00e1\u0159 I.P.R. Real Estate v Praze","description":"","publisher":{"@id":"https:\/\/www.ipr-real.cz\/#organization"},"alternateName":"I.P.R. Real Estate","potentialAction":[{"@type":"SearchAction","target":{"@type":"EntryPoint","urlTemplate":"https:\/\/www.ipr-real.cz\/?s={search_term_string}"},"query-input":{"@type":"PropertyValueSpecification","valueRequired":true,"valueName":"search_term_string"}}],"inLanguage":"en-GB"},{"@type":"Organization","@id":"https:\/\/www.ipr-real.cz\/#organization","name":"I.P.R. Real Estate s.r.o.","url":"https:\/\/www.ipr-real.cz\/","logo":{"@type":"ImageObject","inLanguage":"en-GB","@id":"https:\/\/www.ipr-real.cz\/#\/schema\/logo\/image\/","url":"https:\/\/www.ipr-real.cz\/wp-content\/uploads\/2020\/06\/logo-ipr-real-scaled.png","contentUrl":"https:\/\/www.ipr-real.cz\/wp-content\/uploads\/2020\/06\/logo-ipr-real-scaled.png","width":2560,"height":699,"caption":"I.P.R. Real Estate s.r.o."},"image":{"@id":"https:\/\/www.ipr-real.cz\/#\/schema\/logo\/image\/"},"sameAs":["https:\/\/www.facebook.com\/ipr.real\/","https:\/\/www.instagram.com\/ipr.real.estate\/","https:\/\/www.linkedin.com\/company\/ipr-real","https:\/\/www.youtube.com\/channel\/UCuNvxpimxCSN7CSj0-qAP7Q"]}]}},"_links":{"self":[{"href":"https:\/\/www.ipr-real.cz\/en\/wp-json\/wp\/v2\/pages\/720","targetHints":{"allow":["GET"]}}],"collection":[{"href":"https:\/\/www.ipr-real.cz\/en\/wp-json\/wp\/v2\/pages"}],"about":[{"href":"https:\/\/www.ipr-real.cz\/en\/wp-json\/wp\/v2\/types\/page"}],"author":[{"embeddable":true,"href":"https:\/\/www.ipr-real.cz\/en\/wp-json\/wp\/v2\/users\/1"}],"replies":[{"embeddable":true,"href":"https:\/\/www.ipr-real.cz\/en\/wp-json\/wp\/v2\/comments?post=720"}],"version-history":[{"count":11,"href":"https:\/\/www.ipr-real.cz\/en\/wp-json\/wp\/v2\/pages\/720\/revisions"}],"predecessor-version":[{"id":4585,"href":"https:\/\/www.ipr-real.cz\/en\/wp-json\/wp\/v2\/pages\/720\/revisions\/4585"}],"up":[{"embeddable":true,"href":"https:\/\/www.ipr-real.cz\/en\/wp-json\/wp\/v2\/pages\/20"}],"wp:attachment":[{"href":"https:\/\/www.ipr-real.cz\/en\/wp-json\/wp\/v2\/media?parent=720"}],"curies":[{"name":"wp","href":"https:\/\/api.w.org\/{rel}","templated":true}]}}