{"id":1545,"date":"2021-07-18T09:54:25","date_gmt":"2021-07-18T09:54:25","guid":{"rendered":"https:\/\/www.ipr-real.cz\/?page_id=1545"},"modified":"2021-11-02T17:39:51","modified_gmt":"2021-11-02T17:39:51","slug":"e-book","status":"publish","type":"page","link":"https:\/\/www.ipr-real.cz\/en\/e-book\/","title":{"rendered":"Jak prodat nemovitost s\u00e1m"},"content":{"rendered":"<p><img decoding=\"async\" width=\"500\" height=\"500\" src=\"https:\/\/www.ipr-real.cz\/wp-content\/uploads\/2021\/07\/ipr.jpg\" alt=\"\" loading=\"lazy\" srcset=\"https:\/\/www.ipr-real.cz\/wp-content\/uploads\/2021\/07\/ipr.jpg 500w, https:\/\/www.ipr-real.cz\/wp-content\/uploads\/2021\/07\/ipr-300x300.jpg 300w, https:\/\/www.ipr-real.cz\/wp-content\/uploads\/2021\/07\/ipr-150x150.jpg 150w, https:\/\/www.ipr-real.cz\/wp-content\/uploads\/2021\/07\/ipr-75x75.jpg 75w\" sizes=\"auto, (max-width: 500px) 100vw, 500px\" \/><br \/>\n\t\t\tProdejte si nemovitost sami\t\t<\/p>\n<h1>N\u00e1vod, podle kter\u00e9ho zvl\u00e1dnete prodej nemovitosti bez realitky! <\/h1>\n<p>\u0158\u00edk\u00e1te si, pro\u010d bychom tohle jako realitka d\u011blali? D\u00e1vali lidem n\u00e1vod, jak prodat nemovitost bez realitky? To p\u0159eci ned\u00e1v\u00e1 smysl&#8230;<\/p>\n<p>Ba naopak! Koukn\u011bte se na jednotliv\u00e9 kroky od prezentace, inzerce p\u0159es pr\u00e1vn\u00ed podklady, a\u017e k prohl\u00eddk\u00e1m a p\u0159ed\u00e1n\u00ed kl\u00ed\u010d\u016f&#8230; v\u011b\u0159\u00edme, \u017ee sami rozhodnete v\u0161echen ten stres nechat na n\u011bkom jin\u00e9m!<\/p>\n<p>\t\t\t\t\t\t\t\t\t\t\t\t\t\t\t<img decoding=\"async\" width=\"500\" height=\"500\" src=\"https:\/\/www.ipr-real.cz\/wp-content\/uploads\/2021\/07\/ipr.jpg\" alt=\"\" loading=\"lazy\" srcset=\"https:\/\/www.ipr-real.cz\/wp-content\/uploads\/2021\/07\/ipr.jpg 500w, https:\/\/www.ipr-real.cz\/wp-content\/uploads\/2021\/07\/ipr-300x300.jpg 300w, https:\/\/www.ipr-real.cz\/wp-content\/uploads\/2021\/07\/ipr-150x150.jpg 150w, https:\/\/www.ipr-real.cz\/wp-content\/uploads\/2021\/07\/ipr-75x75.jpg 75w\" sizes=\"auto, (max-width: 500px) 100vw, 500px\" \/><br \/>\n\t\t\tCo v\u00e1s \u010dek\u00e1?\t\t<\/p>\n<h1>Osnova E-booku<\/h1>\n<p><strong>V tomto E-booku naleznete jednotliv\u00e9 postupy od za\u010d\u00e1tku a\u017e do konce, upraven\u00e9 tak, aby byly tou nejjednodu\u0161\u0161\u00ed cestou jak nemovitost prodat. <\/strong><\/p>\n<p><strong>V E-booku naleznete tak\u00e9 uk\u00e1zkovou pr\u00e1vn\u00ed dokumentaci rezerva\u010dn\u00ed a kupn\u00ed smlouvy.<\/strong><\/p>\n<p><strong>1. Kapitola &#8211; p\u0159\u00edprava prodeje:<\/strong>\u00a0<\/p>\n<ul>\n<li>Odhad ceny nemovitost\u00ed.<\/li>\n<li>Homestaging \u2013 dob\u0159e p\u0159ipraven\u00e1 nemovitost prod\u00e1v\u00e1!<\/li>\n<li>Jak nemovitost nafotit, aby p\u0159it\u00e1hla z\u00e1jemce jako magnet?<\/li>\n<li>Vytvo\u0159en\u00ed inzer\u00e1tu a popisu nemovitosti<\/li>\n<\/ul>\n<p><b>2. Kapitola &#8211; prodej<\/b><\/p>\n<ul>\n<li>P\u0159id\u00e1n\u00ed nemovitosti na realitn\u00ed servery\n<ol>\n<li>Jak funguj\u00ed realitn\u00ed servery, kter\u00e9 vybrat a za co v\u0161echno plat\u00edm<\/li>\n<\/ol>\n<\/li>\n<li>Bude pot\u0159eba reklamy?\n<ol>\n<li>Venkovn\u00ed reklama \u2013 jak vytvo\u0159it plachty a kolik to stoj\u00ed<\/li>\n<li>Jak vyu\u017e\u00edt reklamy na soci\u00e1ln\u00edch s\u00edt\u00edch, aby p\u0159in\u00e1\u0161ela v\u00fdsledky?<\/li>\n<\/ol>\n<\/li>\n<li>Jak jednat se z\u00e1jemci, abyste vybrali toho prav\u00e9ho?\n<ol>\n<li>Co p\u0159ipravit p\u0159ed samotnou prohl\u00eddkou<\/li>\n<li>Jak odpov\u00eddat na reakce na m\u016fj inzer\u00e1t a jak jednat se z\u00e1jemci<\/li>\n<li>Na jak\u00e9 ot\u00e1zky se z\u00e1jemc\u016f pt\u00e1t?<\/li>\n<\/ol>\n<\/li>\n<\/ul>\n<p><b>3. Kapitola &#8211; jdeme to prodat:<\/b><\/p>\n<ul>\n<li>Ve\u0161ker\u00e9 pap\u00edrov\u00e1n\u00ed kter\u00e9 v\u00e1s \u010dek\u00e1!<\/li>\n<li>Na co si u pr\u00e1vn\u00edch podklad\u016f d\u00e1t pozor?<\/li>\n<li>Jak\u00fd typ pr\u00e1vn\u00edk\u016f hledat? Pro\u010d? Kolik to stoj\u00ed na vlastn\u00ed p\u011bst.<\/li>\n<li>Hypot\u00e9ky z\u00a0pohledu prod\u00e1vaj\u00edc\u00edho. Na co si d\u00e1t pozor?<\/li>\n<li>Jak prob\u00edh\u00e1 posuzov\u00e1n\u00ed od banky, co je t\u0159ea hl\u00eddat.<\/li>\n<\/ul>\n<p><b>4. Kapitola &#8211; fin\u00e1ln\u00ed prodej a p\u0159eveden\u00ed nemovitosti<\/b><\/p>\n<ul>\n<li>Rezerva\u010dn\u00ed smlouva<\/li>\n<li>\u00daschova kupn\u00ed ceny<\/li>\n<li>Kupn\u00ed smlouva a n\u00e1vrh na vklad<\/li>\n<li>P\u0159epis vlastn\u00edka<\/li>\n<li>Uvoln\u011bn\u00ed pen\u011bz z \u00faschovy<\/li>\n<li>P\u0159ed\u00e1n\u00ed\u00a0 nemovitosti (p\u0159ed\u00e1vac\u00ed protokol)<\/li>\n<\/ul>\n<h1>Konzultace prodeje nemovitosti a odhad ZDARMA<\/h1>\n<p>Vyu\u017eijte nez\u00e1vaznou konzultaci abyste se dozv\u011bd\u011bli z\u00e1kladn\u00ed v\u011bci ohledn\u011b mo\u017enost\u00ed prodeje Va\u0161\u00ed nemovitosti a <strong>cenov\u00fd odhad<\/strong> <strong>ZDARMA.<\/strong><\/p>\n<h1>Kontakt<\/h1>\n<p>V p\u0159\u00edpad\u011b z\u00e1jmu o konzultaci ohledn\u011b prodeje pozemku volejte nebo pi\u0161te!<\/p>\n<ul>\n<li>\n\t\t\t\t\t\t\t\t\t\t+420 724 646 572\n\t\t\t\t\t\t\t\t\t<\/li>\n<li>\n\t\t\t\t\t\t\t\t\t\tinfo@ipr-real.cz\n\t\t\t\t\t\t\t\t\t<\/li>\n<\/ul>","protected":false},"excerpt":{"rendered":"<p>Prodejte si nemovitost sami N\u00e1vod, podle kter\u00e9ho zvl\u00e1dnete prodej nemovitosti bez realitky! \u0158\u00edk\u00e1te si, pro\u010d bychom tohle jako realitka d\u011blali?<span class=\"excerpt-hellip\"> [\u2026]<\/span><\/p>\n","protected":false},"author":1,"featured_media":2133,"parent":0,"menu_order":0,"comment_status":"closed","ping_status":"closed","template":"elementor_header_footer","meta":{"inline_featured_image":false,"footnotes":""},"class_list":["post-1545","page","type-page","status-publish","has-post-thumbnail","hentry"],"yoast_head":"<!-- This site is optimized with the Yoast SEO plugin v27.0 - https:\/\/yoast.com\/product\/yoast-seo-wordpress\/ -->\n<title>Jak prodat nemovitost s\u00e1m | Jak prodat nemovitost | Podrobn\u00fd n\u00e1vod<\/title>\n<meta name=\"robots\" content=\"noindex, follow\" \/>\n<meta property=\"og:locale\" content=\"en_GB\" \/>\n<meta property=\"og:type\" content=\"article\" \/>\n<meta property=\"og:title\" content=\"Jak prodat nemovitost s\u00e1m | Jak prodat nemovitost | Podrobn\u00fd n\u00e1vod\" \/>\n<meta property=\"og:description\" content=\"Prodejte si nemovitost sami N\u00e1vod, podle kter\u00e9ho zvl\u00e1dnete prodej nemovitosti bez realitky! \u0158\u00edk\u00e1te si, pro\u010d bychom tohle jako realitka d\u011blali? [\u2026]\" \/>\n<meta property=\"og:url\" content=\"https:\/\/www.ipr-real.cz\/en\/e-book\/\" \/>\n<meta property=\"article:publisher\" content=\"https:\/\/www.facebook.com\/ipr.real\/\" \/>\n<meta property=\"article:modified_time\" content=\"2021-11-02T17:39:51+00:00\" \/>\n<meta property=\"og:image\" content=\"https:\/\/www.ipr-real.cz\/wp-content\/uploads\/2021\/09\/1.png\" \/>\n\t<meta property=\"og:image:width\" content=\"1080\" \/>\n\t<meta property=\"og:image:height\" content=\"1080\" \/>\n\t<meta property=\"og:image:type\" content=\"image\/png\" \/>\n<meta name=\"twitter:card\" content=\"summary_large_image\" \/>\n<meta name=\"twitter:label1\" content=\"Estimated reading time\" \/>\n\t<meta name=\"twitter:data1\" content=\"3 minutes\" \/>\n<script type=\"application\/ld+json\" class=\"yoast-schema-graph\">{\"@context\":\"https:\/\/schema.org\",\"@graph\":[{\"@type\":\"WebPage\",\"@id\":\"https:\/\/www.ipr-real.cz\/e-book\/\",\"url\":\"https:\/\/www.ipr-real.cz\/e-book\/\",\"name\":\"Jak prodat nemovitost s\u00e1m | Jak prodat nemovitost | Podrobn\u00fd n\u00e1vod\",\"isPartOf\":{\"@id\":\"https:\/\/www.ipr-real.cz\/#website\"},\"primaryImageOfPage\":{\"@id\":\"https:\/\/www.ipr-real.cz\/e-book\/#primaryimage\"},\"image\":{\"@id\":\"https:\/\/www.ipr-real.cz\/e-book\/#primaryimage\"},\"thumbnailUrl\":\"https:\/\/www.ipr-real.cz\/wp-content\/uploads\/2021\/09\/1.png\",\"datePublished\":\"2021-07-18T09:54:25+00:00\",\"dateModified\":\"2021-11-02T17:39:51+00:00\",\"breadcrumb\":{\"@id\":\"https:\/\/www.ipr-real.cz\/e-book\/#breadcrumb\"},\"inLanguage\":\"en-GB\",\"potentialAction\":[{\"@type\":\"ReadAction\",\"target\":[\"https:\/\/www.ipr-real.cz\/e-book\/\"]}]},{\"@type\":\"ImageObject\",\"inLanguage\":\"en-GB\",\"@id\":\"https:\/\/www.ipr-real.cz\/e-book\/#primaryimage\",\"url\":\"https:\/\/www.ipr-real.cz\/wp-content\/uploads\/2021\/09\/1.png\",\"contentUrl\":\"https:\/\/www.ipr-real.cz\/wp-content\/uploads\/2021\/09\/1.png\",\"width\":1080,\"height\":1080},{\"@type\":\"BreadcrumbList\",\"@id\":\"https:\/\/www.ipr-real.cz\/e-book\/#breadcrumb\",\"itemListElement\":[{\"@type\":\"ListItem\",\"position\":1,\"name\":\"Dom\u016f\",\"item\":\"https:\/\/www.ipr-real.cz\/\"},{\"@type\":\"ListItem\",\"position\":2,\"name\":\"Jak prodat nemovitost s\u00e1m\"}]},{\"@type\":\"WebSite\",\"@id\":\"https:\/\/www.ipr-real.cz\/#website\",\"url\":\"https:\/\/www.ipr-real.cz\/\",\"name\":\"Realitn\u00ed kancel\u00e1\u0159 I.P.R. Real Estate v Praze\",\"description\":\"\",\"publisher\":{\"@id\":\"https:\/\/www.ipr-real.cz\/#organization\"},\"alternateName\":\"I.P.R. Real Estate\",\"potentialAction\":[{\"@type\":\"SearchAction\",\"target\":{\"@type\":\"EntryPoint\",\"urlTemplate\":\"https:\/\/www.ipr-real.cz\/?s={search_term_string}\"},\"query-input\":{\"@type\":\"PropertyValueSpecification\",\"valueRequired\":true,\"valueName\":\"search_term_string\"}}],\"inLanguage\":\"en-GB\"},{\"@type\":\"Organization\",\"@id\":\"https:\/\/www.ipr-real.cz\/#organization\",\"name\":\"I.P.R. Real Estate s.r.o.\",\"url\":\"https:\/\/www.ipr-real.cz\/\",\"logo\":{\"@type\":\"ImageObject\",\"inLanguage\":\"en-GB\",\"@id\":\"https:\/\/www.ipr-real.cz\/#\/schema\/logo\/image\/\",\"url\":\"https:\/\/www.ipr-real.cz\/wp-content\/uploads\/2020\/06\/logo-ipr-real-scaled.png\",\"contentUrl\":\"https:\/\/www.ipr-real.cz\/wp-content\/uploads\/2020\/06\/logo-ipr-real-scaled.png\",\"width\":2560,\"height\":699,\"caption\":\"I.P.R. Real Estate s.r.o.\"},\"image\":{\"@id\":\"https:\/\/www.ipr-real.cz\/#\/schema\/logo\/image\/\"},\"sameAs\":[\"https:\/\/www.facebook.com\/ipr.real\/\",\"https:\/\/www.instagram.com\/ipr.real.estate\/\",\"https:\/\/www.linkedin.com\/company\/ipr-real\",\"https:\/\/www.youtube.com\/channel\/UCuNvxpimxCSN7CSj0-qAP7Q\"]}]}<\/script>\n<!-- \/ Yoast SEO plugin. -->","yoast_head_json":{"title":"Jak prodat nemovitost s\u00e1m | Jak prodat nemovitost | Podrobn\u00fd n\u00e1vod","robots":{"index":"noindex","follow":"follow"},"og_locale":"en_GB","og_type":"article","og_title":"Jak prodat nemovitost s\u00e1m | Jak prodat nemovitost | Podrobn\u00fd n\u00e1vod","og_description":"Prodejte si nemovitost sami N\u00e1vod, podle kter\u00e9ho zvl\u00e1dnete prodej nemovitosti bez realitky! \u0158\u00edk\u00e1te si, pro\u010d bychom tohle jako realitka d\u011blali? [\u2026]","og_url":"https:\/\/www.ipr-real.cz\/en\/e-book\/","article_publisher":"https:\/\/www.facebook.com\/ipr.real\/","article_modified_time":"2021-11-02T17:39:51+00:00","og_image":[{"width":1080,"height":1080,"url":"https:\/\/www.ipr-real.cz\/wp-content\/uploads\/2021\/09\/1.png","type":"image\/png"}],"twitter_card":"summary_large_image","twitter_misc":{"Estimated reading time":"3 minutes"},"schema":{"@context":"https:\/\/schema.org","@graph":[{"@type":"WebPage","@id":"https:\/\/www.ipr-real.cz\/e-book\/","url":"https:\/\/www.ipr-real.cz\/e-book\/","name":"Jak prodat nemovitost s\u00e1m | Jak prodat nemovitost | Podrobn\u00fd n\u00e1vod","isPartOf":{"@id":"https:\/\/www.ipr-real.cz\/#website"},"primaryImageOfPage":{"@id":"https:\/\/www.ipr-real.cz\/e-book\/#primaryimage"},"image":{"@id":"https:\/\/www.ipr-real.cz\/e-book\/#primaryimage"},"thumbnailUrl":"https:\/\/www.ipr-real.cz\/wp-content\/uploads\/2021\/09\/1.png","datePublished":"2021-07-18T09:54:25+00:00","dateModified":"2021-11-02T17:39:51+00:00","breadcrumb":{"@id":"https:\/\/www.ipr-real.cz\/e-book\/#breadcrumb"},"inLanguage":"en-GB","potentialAction":[{"@type":"ReadAction","target":["https:\/\/www.ipr-real.cz\/e-book\/"]}]},{"@type":"ImageObject","inLanguage":"en-GB","@id":"https:\/\/www.ipr-real.cz\/e-book\/#primaryimage","url":"https:\/\/www.ipr-real.cz\/wp-content\/uploads\/2021\/09\/1.png","contentUrl":"https:\/\/www.ipr-real.cz\/wp-content\/uploads\/2021\/09\/1.png","width":1080,"height":1080},{"@type":"BreadcrumbList","@id":"https:\/\/www.ipr-real.cz\/e-book\/#breadcrumb","itemListElement":[{"@type":"ListItem","position":1,"name":"Dom\u016f","item":"https:\/\/www.ipr-real.cz\/"},{"@type":"ListItem","position":2,"name":"Jak prodat nemovitost s\u00e1m"}]},{"@type":"WebSite","@id":"https:\/\/www.ipr-real.cz\/#website","url":"https:\/\/www.ipr-real.cz\/","name":"Realitn\u00ed kancel\u00e1\u0159 I.P.R. Real Estate v Praze","description":"","publisher":{"@id":"https:\/\/www.ipr-real.cz\/#organization"},"alternateName":"I.P.R. Real Estate","potentialAction":[{"@type":"SearchAction","target":{"@type":"EntryPoint","urlTemplate":"https:\/\/www.ipr-real.cz\/?s={search_term_string}"},"query-input":{"@type":"PropertyValueSpecification","valueRequired":true,"valueName":"search_term_string"}}],"inLanguage":"en-GB"},{"@type":"Organization","@id":"https:\/\/www.ipr-real.cz\/#organization","name":"I.P.R. Real Estate s.r.o.","url":"https:\/\/www.ipr-real.cz\/","logo":{"@type":"ImageObject","inLanguage":"en-GB","@id":"https:\/\/www.ipr-real.cz\/#\/schema\/logo\/image\/","url":"https:\/\/www.ipr-real.cz\/wp-content\/uploads\/2020\/06\/logo-ipr-real-scaled.png","contentUrl":"https:\/\/www.ipr-real.cz\/wp-content\/uploads\/2020\/06\/logo-ipr-real-scaled.png","width":2560,"height":699,"caption":"I.P.R. Real Estate s.r.o."},"image":{"@id":"https:\/\/www.ipr-real.cz\/#\/schema\/logo\/image\/"},"sameAs":["https:\/\/www.facebook.com\/ipr.real\/","https:\/\/www.instagram.com\/ipr.real.estate\/","https:\/\/www.linkedin.com\/company\/ipr-real","https:\/\/www.youtube.com\/channel\/UCuNvxpimxCSN7CSj0-qAP7Q"]}]}},"_links":{"self":[{"href":"https:\/\/www.ipr-real.cz\/en\/wp-json\/wp\/v2\/pages\/1545","targetHints":{"allow":["GET"]}}],"collection":[{"href":"https:\/\/www.ipr-real.cz\/en\/wp-json\/wp\/v2\/pages"}],"about":[{"href":"https:\/\/www.ipr-real.cz\/en\/wp-json\/wp\/v2\/types\/page"}],"author":[{"embeddable":true,"href":"https:\/\/www.ipr-real.cz\/en\/wp-json\/wp\/v2\/users\/1"}],"replies":[{"embeddable":true,"href":"https:\/\/www.ipr-real.cz\/en\/wp-json\/wp\/v2\/comments?post=1545"}],"version-history":[{"count":126,"href":"https:\/\/www.ipr-real.cz\/en\/wp-json\/wp\/v2\/pages\/1545\/revisions"}],"predecessor-version":[{"id":2344,"href":"https:\/\/www.ipr-real.cz\/en\/wp-json\/wp\/v2\/pages\/1545\/revisions\/2344"}],"wp:featuredmedia":[{"embeddable":true,"href":"https:\/\/www.ipr-real.cz\/en\/wp-json\/wp\/v2\/media\/2133"}],"wp:attachment":[{"href":"https:\/\/www.ipr-real.cz\/en\/wp-json\/wp\/v2\/media?parent=1545"}],"curies":[{"name":"wp","href":"https:\/\/api.w.org\/{rel}","templated":true}]}}